{"id":797,"date":"2021-01-20T11:03:00","date_gmt":"2021-01-20T11:03:00","guid":{"rendered":"http:\/\/lincolnwood.ekhasila.com\/?page_id=797"},"modified":"2021-01-22T10:42:27","modified_gmt":"2021-01-22T10:42:27","slug":"pending-zoning-application","status":"publish","type":"page","link":"https:\/\/lincolnwood.ekhasila.com\/index.php\/pending-zoning-application\/","title":{"rendered":"Zoning Application"},"content":{"rendered":"\t\t<div data-elementor-type=\"wp-page\" data-elementor-id=\"797\" class=\"elementor elementor-797\">\n\t\t\t\t\t\t<section class=\"elementor-section elementor-top-section elementor-element elementor-element-ab4d6b5 elementor-section-boxed elementor-section-height-default elementor-section-height-default\" data-id=\"ab4d6b5\" data-element_type=\"section\">\n\t\t\t\t\t\t<div class=\"elementor-container elementor-column-gap-default\">\n\t\t\t\t\t<div class=\"elementor-column elementor-col-100 elementor-top-column elementor-element elementor-element-d84bcef\" data-id=\"d84bcef\" data-element_type=\"column\">\n\t\t\t<div class=\"elementor-widget-wrap elementor-element-populated\">\n\t\t\t\t\t\t<div class=\"elementor-element elementor-element-27afae6 elementor-widget elementor-widget-heading\" data-id=\"27afae6\" data-element_type=\"widget\" data-widget_type=\"heading.default\">\n\t\t\t\t<div class=\"elementor-widget-container\">\n\t\t\t\t\t<h2 class=\"elementor-heading-title elementor-size-default\">Pending Zoning Application<\/h2>\t\t\t\t<\/div>\n\t\t\t\t<\/div>\n\t\t\t\t<div class=\"elementor-element elementor-element-cf338e0 elementor-widget elementor-widget-image\" data-id=\"cf338e0\" data-element_type=\"widget\" data-widget_type=\"image.default\">\n\t\t\t\t<div class=\"elementor-widget-container\">\n\t\t\t\t\t\t\t\t\t\t\t\t\t\t\t<img fetchpriority=\"high\" decoding=\"async\" width=\"640\" height=\"411\" src=\"https:\/\/lincolnwood.ekhasila.com\/wp-content\/uploads\/2021\/01\/2020-Roadway-Resurfacing-Map-1-768x493.jpg\" class=\"attachment-medium_large size-medium_large wp-image-1474\" alt=\"\" srcset=\"https:\/\/lincolnwood.ekhasila.com\/wp-content\/uploads\/2021\/01\/2020-Roadway-Resurfacing-Map-1-768x493.jpg 768w, https:\/\/lincolnwood.ekhasila.com\/wp-content\/uploads\/2021\/01\/2020-Roadway-Resurfacing-Map-1-300x193.jpg 300w, https:\/\/lincolnwood.ekhasila.com\/wp-content\/uploads\/2021\/01\/2020-Roadway-Resurfacing-Map-1.jpg 898w\" sizes=\"(max-width: 640px) 100vw, 640px\" \/>\t\t\t\t\t\t\t\t\t\t\t\t\t\t\t<\/div>\n\t\t\t\t<\/div>\n\t\t\t\t<div class=\"elementor-element elementor-element-b8056b9 elementor-widget elementor-widget-text-editor\" data-id=\"b8056b9\" data-element_type=\"widget\" data-widget_type=\"text-editor.default\">\n\t\t\t\t<div class=\"elementor-widget-container\">\n\t\t\t\t\t\t\t\t\t<p><i><b>Below is a listing, by the scheduled Public Hearing date, for zoning relief applications which are pending consideration by the Village.<\/b><\/i><br \/>Click on the address or title to view additional information and the nature of the zoning relief requested. Public comment is invited at the Public Hearing. Documents related to each application may be inspected during business hours in the Community Development Department. The Village has also developed a story map which graphically shows significant developments in the community that are being reviewed or have been approved. This story map is available here.<\/p><p><a href=\"http:\/\/lincolnwood.ekhasila.com\/wp-content\/uploads\/2021\/01\/PACKET-January-20-2021.pdf\">January 20, 2021 Zoning Board of Appeals Meeting<\/a><\/p><ul><li><i>Case #ZB-01-21: 7250 North Cicero Avenue \u2013 Approval of a Variation Related to the Number of Permitted Signs<\/i><br \/>Consideration of a request by Kovach Eye Institute, Petitioner, on behalf of 7250 N Cicero Avenue, LLC, Property Owner, to approve a Variation to allow the installation of an individual tenant sign in a multi-story, multi-tenant office building at 7250 North Cicero Avenue.\u00a0 During this Hearing, the Zoning Board of Appeals may consider any additional relief that may be discovered during the review of this case.<\/li><\/ul><p><a href=\"http:\/\/lincolnwood.ekhasila.com\/wp-content\/uploads\/2021\/01\/PACKET-January-7-2021.pdf\">January 7, 2021 Plan Commission Meeting<\/a><\/p><ul><li><i>Case #PC-01-21: 4010 West Touhy Avenue \u2013 Approval of a Special Use to Allow a Drive-Through Facility to Support an Outpatient Medical Office Use<\/i><br \/>Consideration of a request by Parc Professional, on behalf of the Stanley Bazianos and Sophia Bazianos Trust, Property Owner, to approve a Special Use to permit a drive-through facility in order to support an \u201coutpatient medical office\u201d use at the property commonly known as 4010 West Touhy Avenue.\u00a0 During this Hearing, the Plan Commission may consider any additional relief that may be discovered during the review of this case. Public Comments for this Case can be found <a href=\"http:\/\/lincolnwood.ekhasila.com\/wp-content\/uploads\/2021\/01\/PC-Memo-Public-Comment-for-4010-Touhy.pdf\">here<\/a><br \/><b>(Motion to Recommend Approval by a 7-0 Vote)<\/b><\/li><li><i>Case #PC-02-21:\u00a0 7366 North Lincoln Avenue \u2013 Approval of a Special Use to Allow a Commercial Recreation Facility Use<\/i><br \/>Consideration of a request by LincolnTouhy, LLC, Property Owner, to approve a Special Use to permit a \u201ccommercial recreation facility\u201d use at the property commonly known as 7366 North Lincoln Avenue.\u00a0 During this Hearing, the Plan Commission may consider any additional relief that may be discovered during the review of this case.<br \/><b>(Motion to Recommend Approval by a 7-0 Vote)<\/b><\/li><\/ul><p><a href=\"http:\/\/lincolnwood.ekhasila.com\/wp-content\/uploads\/2021\/01\/PACKET-December-21-2020-SPECIAL-MEETING.pdf\">December 21, 2020 Special Zoning Board of Appeals Meeting<\/a><\/p><ul><li><i>Case #ZB-06-20: 3300-3310 West Devon Avenue \u2013 Approval of Variations Related to Building Facade Materials<\/i><br \/>Consideration of a request by 3300 W. Devon, LLC, Property Owner, to approve Variations to allow 1) a commercial fa\u00e7ade incorporating high-quality materials on less than 75% of the fa\u00e7ade area and 2) allowing the use of an exterior insulation finishing system as a fa\u00e7ade material at 3300-3310 West Devon Avenue.\u00a0 During this Hearing, the Zoning Board of Appeals may consider any additional relief that may be discovered during the review of this case.<br \/><b>(Motion to Recommend Approval by a 7-0 Vote)<\/b><br \/>December 21, 2020 Special Zoning Board of Appeals Meeting<\/li><\/ul>\t\t\t\t\t\t\t\t<\/div>\n\t\t\t\t<\/div>\n\t\t\t\t\t<\/div>\n\t\t<\/div>\n\t\t\t\t\t<\/div>\n\t\t<\/section>\n\t\t\t\t<\/div>\n\t\t","protected":false},"excerpt":{"rendered":"<p>Pending Zoning Application Below is a listing, by the scheduled Public Hearing date, for zoning relief applications which are pending consideration by the Village.Click on the address or title to view additional information and the nature of the zoning relief requested. Public comment is invited at the Public Hearing. Documents related to each application may [&hellip;]<\/p>\n","protected":false},"author":3,"featured_media":0,"parent":0,"menu_order":0,"comment_status":"closed","ping_status":"closed","template":"","meta":{"footnotes":""},"class_list":["post-797","page","type-page","status-publish","hentry"],"yoast_head":"<!-- This site is optimized with the Yoast SEO plugin v25.5 - https:\/\/yoast.com\/wordpress\/plugins\/seo\/ -->\n<title>Zoning Application &#060; Village of Lincolnwood<\/title>\n<meta name=\"robots\" content=\"index, follow, max-snippet:-1, max-image-preview:large, max-video-preview:-1\" \/>\n<link rel=\"canonical\" href=\"https:\/\/lincolnwood.ekhasila.com\/index.php\/pending-zoning-application\/\" \/>\n<meta property=\"og:locale\" content=\"en_US\" \/>\n<meta property=\"og:type\" content=\"article\" \/>\n<meta property=\"og:title\" content=\"Zoning Application &#060; Village of Lincolnwood\" \/>\n<meta property=\"og:description\" content=\"Pending Zoning Application Below is a listing, by the scheduled Public Hearing date, for zoning relief applications which are pending consideration by the Village.Click on the address or title to view additional information and the nature of the zoning relief requested. Public comment is invited at the Public Hearing. Documents related to each application may [&hellip;]\" \/>\n<meta property=\"og:url\" content=\"https:\/\/lincolnwood.ekhasila.com\/index.php\/pending-zoning-application\/\" \/>\n<meta property=\"og:site_name\" content=\"Village of Lincolnwood\" \/>\n<meta property=\"article:modified_time\" content=\"2021-01-22T10:42:27+00:00\" \/>\n<meta property=\"og:image\" content=\"http:\/\/lincolnwood.ekhasila.com\/wp-content\/uploads\/2021\/01\/2020-Roadway-Resurfacing-Map-1-768x493.jpg\" \/>\n<meta name=\"twitter:card\" content=\"summary_large_image\" \/>\n<meta name=\"twitter:label1\" content=\"Est. reading time\" \/>\n\t<meta name=\"twitter:data1\" content=\"3 minutes\" \/>\n<script type=\"application\/ld+json\" class=\"yoast-schema-graph\">{\"@context\":\"https:\/\/schema.org\",\"@graph\":[{\"@type\":\"WebPage\",\"@id\":\"https:\/\/lincolnwood.ekhasila.com\/index.php\/pending-zoning-application\/\",\"url\":\"https:\/\/lincolnwood.ekhasila.com\/index.php\/pending-zoning-application\/\",\"name\":\"Zoning Application &#060; Village of Lincolnwood\",\"isPartOf\":{\"@id\":\"https:\/\/lincolnwood.ekhasila.com\/#website\"},\"primaryImageOfPage\":{\"@id\":\"https:\/\/lincolnwood.ekhasila.com\/index.php\/pending-zoning-application\/#primaryimage\"},\"image\":{\"@id\":\"https:\/\/lincolnwood.ekhasila.com\/index.php\/pending-zoning-application\/#primaryimage\"},\"thumbnailUrl\":\"http:\/\/lincolnwood.ekhasila.com\/wp-content\/uploads\/2021\/01\/2020-Roadway-Resurfacing-Map-1-768x493.jpg\",\"datePublished\":\"2021-01-20T11:03:00+00:00\",\"dateModified\":\"2021-01-22T10:42:27+00:00\",\"breadcrumb\":{\"@id\":\"https:\/\/lincolnwood.ekhasila.com\/index.php\/pending-zoning-application\/#breadcrumb\"},\"inLanguage\":\"en-US\",\"potentialAction\":[{\"@type\":\"ReadAction\",\"target\":[\"https:\/\/lincolnwood.ekhasila.com\/index.php\/pending-zoning-application\/\"]}]},{\"@type\":\"ImageObject\",\"inLanguage\":\"en-US\",\"@id\":\"https:\/\/lincolnwood.ekhasila.com\/index.php\/pending-zoning-application\/#primaryimage\",\"url\":\"https:\/\/lincolnwood.ekhasila.com\/wp-content\/uploads\/2021\/01\/2020-Roadway-Resurfacing-Map-1.jpg\",\"contentUrl\":\"https:\/\/lincolnwood.ekhasila.com\/wp-content\/uploads\/2021\/01\/2020-Roadway-Resurfacing-Map-1.jpg\",\"width\":898,\"height\":577},{\"@type\":\"BreadcrumbList\",\"@id\":\"https:\/\/lincolnwood.ekhasila.com\/index.php\/pending-zoning-application\/#breadcrumb\",\"itemListElement\":[{\"@type\":\"ListItem\",\"position\":1,\"name\":\"Home\",\"item\":\"https:\/\/lincolnwood.ekhasila.com\/\"},{\"@type\":\"ListItem\",\"position\":2,\"name\":\"Zoning Application\"}]},{\"@type\":\"WebSite\",\"@id\":\"https:\/\/lincolnwood.ekhasila.com\/#website\",\"url\":\"https:\/\/lincolnwood.ekhasila.com\/\",\"name\":\"Village of Lincolnwood\",\"description\":\"\",\"publisher\":{\"@id\":\"https:\/\/lincolnwood.ekhasila.com\/#organization\"},\"potentialAction\":[{\"@type\":\"SearchAction\",\"target\":{\"@type\":\"EntryPoint\",\"urlTemplate\":\"https:\/\/lincolnwood.ekhasila.com\/?s={search_term_string}\"},\"query-input\":{\"@type\":\"PropertyValueSpecification\",\"valueRequired\":true,\"valueName\":\"search_term_string\"}}],\"inLanguage\":\"en-US\"},{\"@type\":\"Organization\",\"@id\":\"https:\/\/lincolnwood.ekhasila.com\/#organization\",\"name\":\"Ekhasila Technology Advisory Private Limited\",\"url\":\"https:\/\/lincolnwood.ekhasila.com\/\",\"logo\":{\"@type\":\"ImageObject\",\"inLanguage\":\"en-US\",\"@id\":\"https:\/\/lincolnwood.ekhasila.com\/#\/schema\/logo\/image\/\",\"url\":\"https:\/\/lincolnwood.ekhasila.com\/wp-content\/uploads\/2021\/01\/cropped-cropped-cropped-New-Village-Logo_trans-2-1-e1611295122333.png\",\"contentUrl\":\"https:\/\/lincolnwood.ekhasila.com\/wp-content\/uploads\/2021\/01\/cropped-cropped-cropped-New-Village-Logo_trans-2-1-e1611295122333.png\",\"width\":150,\"height\":150,\"caption\":\"Ekhasila Technology Advisory Private Limited\"},\"image\":{\"@id\":\"https:\/\/lincolnwood.ekhasila.com\/#\/schema\/logo\/image\/\"}}]}<\/script>\n<!-- \/ Yoast SEO plugin. -->","yoast_head_json":{"title":"Zoning Application &#060; Village of Lincolnwood","robots":{"index":"index","follow":"follow","max-snippet":"max-snippet:-1","max-image-preview":"max-image-preview:large","max-video-preview":"max-video-preview:-1"},"canonical":"https:\/\/lincolnwood.ekhasila.com\/index.php\/pending-zoning-application\/","og_locale":"en_US","og_type":"article","og_title":"Zoning Application &#060; Village of Lincolnwood","og_description":"Pending Zoning Application Below is a listing, by the scheduled Public Hearing date, for zoning relief applications which are pending consideration by the Village.Click on the address or title to view additional information and the nature of the zoning relief requested. Public comment is invited at the Public Hearing. Documents related to each application may [&hellip;]","og_url":"https:\/\/lincolnwood.ekhasila.com\/index.php\/pending-zoning-application\/","og_site_name":"Village of Lincolnwood","article_modified_time":"2021-01-22T10:42:27+00:00","og_image":[{"url":"http:\/\/lincolnwood.ekhasila.com\/wp-content\/uploads\/2021\/01\/2020-Roadway-Resurfacing-Map-1-768x493.jpg","type":"","width":"","height":""}],"twitter_card":"summary_large_image","twitter_misc":{"Est. reading time":"3 minutes"},"schema":{"@context":"https:\/\/schema.org","@graph":[{"@type":"WebPage","@id":"https:\/\/lincolnwood.ekhasila.com\/index.php\/pending-zoning-application\/","url":"https:\/\/lincolnwood.ekhasila.com\/index.php\/pending-zoning-application\/","name":"Zoning Application &#060; Village of Lincolnwood","isPartOf":{"@id":"https:\/\/lincolnwood.ekhasila.com\/#website"},"primaryImageOfPage":{"@id":"https:\/\/lincolnwood.ekhasila.com\/index.php\/pending-zoning-application\/#primaryimage"},"image":{"@id":"https:\/\/lincolnwood.ekhasila.com\/index.php\/pending-zoning-application\/#primaryimage"},"thumbnailUrl":"http:\/\/lincolnwood.ekhasila.com\/wp-content\/uploads\/2021\/01\/2020-Roadway-Resurfacing-Map-1-768x493.jpg","datePublished":"2021-01-20T11:03:00+00:00","dateModified":"2021-01-22T10:42:27+00:00","breadcrumb":{"@id":"https:\/\/lincolnwood.ekhasila.com\/index.php\/pending-zoning-application\/#breadcrumb"},"inLanguage":"en-US","potentialAction":[{"@type":"ReadAction","target":["https:\/\/lincolnwood.ekhasila.com\/index.php\/pending-zoning-application\/"]}]},{"@type":"ImageObject","inLanguage":"en-US","@id":"https:\/\/lincolnwood.ekhasila.com\/index.php\/pending-zoning-application\/#primaryimage","url":"https:\/\/lincolnwood.ekhasila.com\/wp-content\/uploads\/2021\/01\/2020-Roadway-Resurfacing-Map-1.jpg","contentUrl":"https:\/\/lincolnwood.ekhasila.com\/wp-content\/uploads\/2021\/01\/2020-Roadway-Resurfacing-Map-1.jpg","width":898,"height":577},{"@type":"BreadcrumbList","@id":"https:\/\/lincolnwood.ekhasila.com\/index.php\/pending-zoning-application\/#breadcrumb","itemListElement":[{"@type":"ListItem","position":1,"name":"Home","item":"https:\/\/lincolnwood.ekhasila.com\/"},{"@type":"ListItem","position":2,"name":"Zoning Application"}]},{"@type":"WebSite","@id":"https:\/\/lincolnwood.ekhasila.com\/#website","url":"https:\/\/lincolnwood.ekhasila.com\/","name":"Village of Lincolnwood","description":"","publisher":{"@id":"https:\/\/lincolnwood.ekhasila.com\/#organization"},"potentialAction":[{"@type":"SearchAction","target":{"@type":"EntryPoint","urlTemplate":"https:\/\/lincolnwood.ekhasila.com\/?s={search_term_string}"},"query-input":{"@type":"PropertyValueSpecification","valueRequired":true,"valueName":"search_term_string"}}],"inLanguage":"en-US"},{"@type":"Organization","@id":"https:\/\/lincolnwood.ekhasila.com\/#organization","name":"Ekhasila Technology Advisory Private Limited","url":"https:\/\/lincolnwood.ekhasila.com\/","logo":{"@type":"ImageObject","inLanguage":"en-US","@id":"https:\/\/lincolnwood.ekhasila.com\/#\/schema\/logo\/image\/","url":"https:\/\/lincolnwood.ekhasila.com\/wp-content\/uploads\/2021\/01\/cropped-cropped-cropped-New-Village-Logo_trans-2-1-e1611295122333.png","contentUrl":"https:\/\/lincolnwood.ekhasila.com\/wp-content\/uploads\/2021\/01\/cropped-cropped-cropped-New-Village-Logo_trans-2-1-e1611295122333.png","width":150,"height":150,"caption":"Ekhasila Technology Advisory Private Limited"},"image":{"@id":"https:\/\/lincolnwood.ekhasila.com\/#\/schema\/logo\/image\/"}}]}},"_links":{"self":[{"href":"https:\/\/lincolnwood.ekhasila.com\/index.php\/wp-json\/wp\/v2\/pages\/797","targetHints":{"allow":["GET"]}}],"collection":[{"href":"https:\/\/lincolnwood.ekhasila.com\/index.php\/wp-json\/wp\/v2\/pages"}],"about":[{"href":"https:\/\/lincolnwood.ekhasila.com\/index.php\/wp-json\/wp\/v2\/types\/page"}],"author":[{"embeddable":true,"href":"https:\/\/lincolnwood.ekhasila.com\/index.php\/wp-json\/wp\/v2\/users\/3"}],"replies":[{"embeddable":true,"href":"https:\/\/lincolnwood.ekhasila.com\/index.php\/wp-json\/wp\/v2\/comments?post=797"}],"version-history":[{"count":29,"href":"https:\/\/lincolnwood.ekhasila.com\/index.php\/wp-json\/wp\/v2\/pages\/797\/revisions"}],"predecessor-version":[{"id":1879,"href":"https:\/\/lincolnwood.ekhasila.com\/index.php\/wp-json\/wp\/v2\/pages\/797\/revisions\/1879"}],"wp:attachment":[{"href":"https:\/\/lincolnwood.ekhasila.com\/index.php\/wp-json\/wp\/v2\/media?parent=797"}],"curies":[{"name":"wp","href":"https:\/\/api.w.org\/{rel}","templated":true}]}}